{"id":250,"date":"2018-12-09T13:37:27","date_gmt":"2018-12-09T13:37:27","guid":{"rendered":"https:\/\/yogaintegralchile.cl\/academia\/?page_id=250"},"modified":"2023-01-17T00:32:09","modified_gmt":"2023-01-17T03:32:09","slug":"oferta-de-cursos","status":"publish","type":"page","link":"https:\/\/yogaintegralchile.cl\/academia\/","title":{"rendered":"Oferta de Cursos"},"content":{"rendered":"<p>[et_pb_section fb_built=\u00bb1&#8243; _builder_version=\u00bb4.16&#8243; background_color=\u00bbrgba(43,56,127,0.63)\u00bb background_image=\u00bbhttps:\/\/yogaintegralchile.cl\/academia\/wp-content\/uploads\/2020\/07\/4969-scaled.jpg\u00bb background_blend=\u00bboverlay\u00bb custom_padding=\u00bb28px||28px||true|\u00bb background_color_phone=\u00bbrgba(43,56,127,0.77)\u00bb background_last_edited=\u00bbon|phone\u00bb background_enable_color_phone=\u00bbon\u00bb global_colors_info=\u00bb{}\u00bb][et_pb_row _builder_version=\u00bb4.16&#8243; global_colors_info=\u00bb{}\u00bb][et_pb_column type=\u00bb4_4&#8243; _builder_version=\u00bb4.16&#8243; global_colors_info=\u00bb{}\u00bb][et_pb_text _builder_version=\u00bb4.16&#8243; text_font=\u00bb|800|||||||\u00bb header_font=\u00bb|300||on|||||\u00bb header_font_size=\u00bb60px\u00bb background_layout=\u00bbdark\u00bb global_colors_info=\u00bb{}\u00bb]<\/p>\n<h1>Cursos<\/h1>\n<p>[\/et_pb_text][\/et_pb_column][\/et_pb_row][\/et_pb_section][et_pb_section fb_built=\u00bb1&#8243; _builder_version=\u00bb4.16&#8243; locked=\u00bboff\u00bb global_colors_info=\u00bb{}\u00bb][et_pb_row column_structure=\u00bb1_3,1_3,1_3&#8243; make_equal=\u00bbon\u00bb _builder_version=\u00bb4.16&#8243; custom_margin=\u00bb|auto|-2px|auto||\u00bb locked=\u00bboff\u00bb global_colors_info=\u00bb{}\u00bb][et_pb_column type=\u00bb1_3&#8243; admin_label=\u00bbCurso 1&#8243; _builder_version=\u00bb4.16&#8243; custom_padding=\u00bb||30px||false|false\u00bb animation_style=\u00bbfold\u00bb border_width_all=\u00bb1px\u00bb border_color_all=\u00bb#d3d3d3&#8243; box_shadow_style=\u00bbpreset1&#8243; global_colors_info=\u00bb{}\u00bb transform_styles__hover_enabled=\u00bbon|hover\u00bb transform_scale__hover_enabled=\u00bbon|hover\u00bb transform_translate__hover_enabled=\u00bbon|desktop\u00bb transform_rotate__hover_enabled=\u00bbon|desktop\u00bb transform_skew__hover_enabled=\u00bbon|desktop\u00bb transform_origin__hover_enabled=\u00bbon|desktop\u00bb transform_scale__hover=\u00bb105%|105%\u00bb][et_pb_wc_images product=\u00bb88&#8243; show_product_gallery=\u00bboff\u00bb sale_badge_color=\u00bb#ff0017&#8243; _builder_version=\u00bb4.16&#8243; _dynamic_attributes=\u00bblink_option_url\u00bb sale_badge_font=\u00bbRaleway||||||||\u00bb sale_badge_text_color=\u00bb#ffffff\u00bb sale_badge_font_size=\u00bb19px\u00bb link_option_url=\u00bb@ET-DC@eyJkeW5hbWljIjp0cnVlLCJjb250ZW50IjoicG9zdF9saW5rX3VybF9wYWdlIiwic2V0dGluZ3MiOnsicG9zdF9pZCI6IjI5NiJ9fQ==@\u00bb global_colors_info=\u00bb{}\u00bb][\/et_pb_wc_images][et_pb_wc_title product=\u00bb88&#8243; _builder_version=\u00bb4.16&#8243; _dynamic_attributes=\u00bblink_option_url\u00bb header_font=\u00bb|700|||||||\u00bb header_font_size=\u00bb23px\u00bb custom_margin=\u00bb||6px||false|false\u00bb custom_padding=\u00bb|20px||20px|true|true\u00bb link_option_url=\u00bb@ET-DC@eyJkeW5hbWljIjp0cnVlLCJjb250ZW50IjoicG9zdF9saW5rX3VybF9wYWdlIiwic2V0dGluZ3MiOnsicG9zdF9pZCI6IjI5NiJ9fQ==@\u00bb global_colors_info=\u00bb{}\u00bb][\/et_pb_wc_title][et_pb_image src=\u00bbhttps:\/\/yogaintegralchile.cl\/academia\/wp-content\/uploads\/2019\/10\/star-small.png\u00bb title_text=\u00bbstar-small\u00bb align_tablet=\u00bbleft\u00bb align_phone=\u00bbleft\u00bb align_last_edited=\u00bbon|phone\u00bb _builder_version=\u00bb4.16&#8243; width=\u00bb145px\u00bb module_alignment=\u00bbleft\u00bb custom_padding=\u00bb|20px||20px|false|true\u00bb filter_hue_rotate=\u00bb327deg\u00bb global_colors_info=\u00bb{}\u00bb][\/et_pb_image][et_pb_wc_price product=\u00bb88&#8243; _builder_version=\u00bb4.16&#8243; sale_price_font=\u00bb|800|||||||\u00bb sale_price_text_color=\u00bb#ff0017&#8243; sale_price_font_size=\u00bb28px\u00bb custom_padding=\u00bb|20px||20px|false|true\u00bb global_colors_info=\u00bb{}\u00bb][\/et_pb_wc_price][\/et_pb_column][et_pb_column type=\u00bb1_3&#8243; admin_label=\u00bbCurso 2&#8243; _builder_version=\u00bb4.16&#8243; background_color=\u00bb#ffffff\u00bb animation_style=\u00bbfold\u00bb box_shadow_style=\u00bbpreset1&#8243; global_colors_info=\u00bb{}\u00bb transform_styles__hover_enabled=\u00bbon|hover\u00bb transform_scale__hover_enabled=\u00bbon|hover\u00bb transform_translate__hover_enabled=\u00bbon|desktop\u00bb transform_rotate__hover_enabled=\u00bbon|desktop\u00bb transform_skew__hover_enabled=\u00bbon|desktop\u00bb transform_origin__hover_enabled=\u00bbon|desktop\u00bb transform_scale__hover=\u00bb105%|105%\u00bb][et_pb_wc_images product=\u00bb1544&#8243; show_product_gallery=\u00bboff\u00bb sale_badge_color=\u00bb#ff0017&#8243; _builder_version=\u00bb4.16&#8243; _dynamic_attributes=\u00bblink_option_url\u00bb sale_badge_font=\u00bbRaleway||||||||\u00bb sale_badge_text_color=\u00bb#ffffff\u00bb sale_badge_font_size=\u00bb19px\u00bb link_option_url=\u00bb@ET-DC@eyJkeW5hbWljIjp0cnVlLCJjb250ZW50IjoicG9zdF9saW5rX3VybF9wYWdlIiwic2V0dGluZ3MiOnsicG9zdF9pZCI6IjE1NDEifX0=@\u00bb global_colors_info=\u00bb{}\u00bb][\/et_pb_wc_images][et_pb_wc_title product=\u00bb1544&#8243; _builder_version=\u00bb4.16&#8243; _dynamic_attributes=\u00bblink_option_url\u00bb header_font=\u00bb|700|||||||\u00bb header_font_size=\u00bb23px\u00bb custom_margin=\u00bb||6px||false|false\u00bb custom_padding=\u00bb|20px||20px|true|true\u00bb link_option_url=\u00bb@ET-DC@eyJkeW5hbWljIjp0cnVlLCJjb250ZW50IjoicG9zdF9saW5rX3VybF9wYWdlIiwic2V0dGluZ3MiOnsicG9zdF9pZCI6IjE1NDEifX0=@\u00bb global_colors_info=\u00bb{}\u00bb][\/et_pb_wc_title][et_pb_image src=\u00bbhttps:\/\/yogaintegralchile.cl\/academia\/wp-content\/uploads\/2019\/10\/star-small.png\u00bb title_text=\u00bbstar-small\u00bb align_tablet=\u00bbleft\u00bb align_phone=\u00bbleft\u00bb align_last_edited=\u00bbon|phone\u00bb _builder_version=\u00bb4.16&#8243; width=\u00bb145px\u00bb module_alignment=\u00bbleft\u00bb custom_padding=\u00bb|20px||20px|false|true\u00bb filter_hue_rotate=\u00bb327deg\u00bb global_colors_info=\u00bb{}\u00bb][\/et_pb_image][et_pb_wc_price product=\u00bb1544&#8243; _builder_version=\u00bb4.16&#8243; _dynamic_attributes=\u00bblink_option_url\u00bb sale_price_font=\u00bb|800|||||||\u00bb sale_price_text_color=\u00bb#ff0017&#8243; sale_price_font_size=\u00bb28px\u00bb custom_padding=\u00bb|20px||20px|false|true\u00bb link_option_url=\u00bb@ET-DC@eyJkeW5hbWljIjp0cnVlLCJjb250ZW50IjoicG9zdF9saW5rX3VybF9wYWdlIiwic2V0dGluZ3MiOnsicG9zdF9pZCI6IjE1NDEifX0=@\u00bb global_colors_info=\u00bb{}\u00bb][\/et_pb_wc_price][\/et_pb_column][et_pb_column type=\u00bb1_3&#8243; admin_label=\u00bbCurso 3&#8243; _builder_version=\u00bb4.16&#8243; background_color=\u00bb#ffffff\u00bb animation_style=\u00bbfold\u00bb box_shadow_style=\u00bbpreset1&#8243; global_colors_info=\u00bb{}\u00bb transform_styles__hover_enabled=\u00bbon|hover\u00bb transform_scale__hover_enabled=\u00bbon|hover\u00bb transform_translate__hover_enabled=\u00bbon|desktop\u00bb transform_rotate__hover_enabled=\u00bbon|desktop\u00bb transform_skew__hover_enabled=\u00bbon|desktop\u00bb transform_origin__hover_enabled=\u00bbon|desktop\u00bb transform_scale__hover=\u00bb105%|105%\u00bb][et_pb_wc_images product=\u00bb1641&#8243; show_product_gallery=\u00bboff\u00bb sale_badge_color=\u00bb#ff0017&#8243; _builder_version=\u00bb4.16&#8243; _dynamic_attributes=\u00bblink_option_url\u00bb sale_badge_font=\u00bbRaleway||||||||\u00bb sale_badge_text_color=\u00bb#ffffff\u00bb sale_badge_font_size=\u00bb19px\u00bb link_option_url=\u00bb@ET-DC@eyJkeW5hbWljIjp0cnVlLCJjb250ZW50IjoicG9zdF9saW5rX3VybF9wYWdlIiwic2V0dGluZ3MiOnsicG9zdF9pZCI6IjE2MzkifX0=@\u00bb global_colors_info=\u00bb{}\u00bb][\/et_pb_wc_images][et_pb_wc_title product=\u00bb1641&#8243; _builder_version=\u00bb4.16&#8243; _dynamic_attributes=\u00bblink_option_url\u00bb header_font=\u00bb|700|||||||\u00bb header_font_size=\u00bb23px\u00bb custom_margin=\u00bb||6px||false|false\u00bb custom_padding=\u00bb|20px||20px|true|true\u00bb link_option_url=\u00bb@ET-DC@eyJkeW5hbWljIjp0cnVlLCJjb250ZW50IjoicG9zdF9saW5rX3VybF9wYWdlIiwic2V0dGluZ3MiOnsicG9zdF9pZCI6IjE2MzkifX0=@\u00bb global_colors_info=\u00bb{}\u00bb][\/et_pb_wc_title][et_pb_image src=\u00bbhttps:\/\/yogaintegralchile.cl\/academia\/wp-content\/uploads\/2019\/10\/star-small.png\u00bb title_text=\u00bbstar-small\u00bb align_tablet=\u00bbleft\u00bb align_phone=\u00bbleft\u00bb align_last_edited=\u00bbon|phone\u00bb _builder_version=\u00bb4.16&#8243; width=\u00bb145px\u00bb module_alignment=\u00bbleft\u00bb custom_padding=\u00bb|20px||20px|false|true\u00bb filter_hue_rotate=\u00bb327deg\u00bb global_colors_info=\u00bb{}\u00bb][\/et_pb_image][et_pb_wc_price product=\u00bb1641&#8243; _builder_version=\u00bb4.16&#8243; _dynamic_attributes=\u00bblink_option_url\u00bb body_font=\u00bb|800|||||||\u00bb body_text_color=\u00bb#ff0017&#8243; sale_price_font=\u00bb|800|||||||\u00bb sale_price_text_color=\u00bb#ff0017&#8243; sale_price_font_size=\u00bb28px\u00bb custom_padding=\u00bb|20px||20px|false|true\u00bb link_option_url=\u00bb@ET-DC@eyJkeW5hbWljIjp0cnVlLCJjb250ZW50IjoicG9zdF9saW5rX3VybF9wYWdlIiwic2V0dGluZ3MiOnsicG9zdF9pZCI6IjE2MzkifX0=@\u00bb global_colors_info=\u00bb{}\u00bb][\/et_pb_wc_price][\/et_pb_column][\/et_pb_row][\/et_pb_section][et_pb_section fb_built=\u00bb1&#8243; _builder_version=\u00bb4.16&#8243; background_color=\u00bb#F7F7F7&#8243; global_colors_info=\u00bb{}\u00bb][et_pb_row column_structure=\u00bb1_4,1_4,1_4,1_4&#8243; use_custom_gutter=\u00bbon\u00bb gutter_width=\u00bb2&#8243; _builder_version=\u00bb4.16&#8243; global_colors_info=\u00bb{}\u00bb][et_pb_column type=\u00bb1_4&#8243; _builder_version=\u00bb4.16&#8243; custom_padding=\u00bb|||\u00bb global_colors_info=\u00bb{}\u00bb custom_padding__hover=\u00bb|||\u00bb][et_pb_blurb title=\u00bbAcceso Inmediato\u00bb use_icon=\u00bbon\u00bb font_icon=\u00bb&#xe000;||divi||400&#8243; icon_placement=\u00bbleft\u00bb _builder_version=\u00bb4.16&#8243; header_font=\u00bb|600||on|||||\u00bb body_font=\u00bb|300|||||||\u00bb global_colors_info=\u00bb{}\u00bb]<\/p>\n<p>Pagas el curso y accedes de inmediato<\/p>\n<p>[\/et_pb_blurb][\/et_pb_column][et_pb_column type=\u00bb1_4&#8243; _builder_version=\u00bb4.16&#8243; custom_padding=\u00bb|||\u00bb global_colors_info=\u00bb{}\u00bb custom_padding__hover=\u00bb|||\u00bb][et_pb_blurb title=\u00bbAcceso Un a\u00f1o\u00bb use_icon=\u00bbon\u00bb font_icon=\u00bb&#xe001;||divi||400&#8243; icon_placement=\u00bbleft\u00bb _builder_version=\u00bb4.17.4&#8243; header_font=\u00bb|600||on|||||\u00bb body_font=\u00bb|300|||||||\u00bb hover_enabled=\u00bb0&#8243; global_colors_info=\u00bb{}\u00bb sticky_enabled=\u00bb0&#8243;]<\/p>\n<p>Tienes acceso al contenido por un a\u00f1o<\/p>\n<p>[\/et_pb_blurb][\/et_pb_column][et_pb_column type=\u00bb1_4&#8243; _builder_version=\u00bb4.16&#8243; custom_padding=\u00bb|||\u00bb global_colors_info=\u00bb{}\u00bb custom_padding__hover=\u00bb|||\u00bb][et_pb_blurb title=\u00bbCertificado\u00bb use_icon=\u00bbon\u00bb font_icon=\u00bb&#xe031;||divi||400&#8243; icon_placement=\u00bbleft\u00bb _builder_version=\u00bb4.16&#8243; header_font=\u00bb|600||on|||||\u00bb body_font=\u00bb|300|||||||\u00bb global_colors_info=\u00bb{}\u00bb]<\/p>\n<p>Descarga tu Certificado de Participaci\u00f3n<\/p>\n<p>[\/et_pb_blurb][\/et_pb_column][et_pb_column type=\u00bb1_4&#8243; _builder_version=\u00bb4.16&#8243; custom_padding=\u00bb|||\u00bb global_colors_info=\u00bb{}\u00bb custom_padding__hover=\u00bb|||\u00bb][et_pb_blurb title=\u00bbGarant\u00eda\u00bb use_icon=\u00bbon\u00bb font_icon=\u00bb&#xe106;||divi||400&#8243; icon_placement=\u00bbleft\u00bb _builder_version=\u00bb4.17.4&#8243; header_font=\u00bb|600||on|||||\u00bb body_font=\u00bb|300|||||||\u00bb hover_enabled=\u00bb0&#8243; global_colors_info=\u00bb{}\u00bb sticky_enabled=\u00bb0&#8243;]<\/p>\n<p>15 d\u00edas de Garant\u00eda de Satisfacci\u00f3n<\/p>\n<p>[\/et_pb_blurb][\/et_pb_column][\/et_pb_row][\/et_pb_section]<\/p>\n","protected":false},"excerpt":{"rendered":"<p>CursosPagas el curso y accedes de inmediatoTienes acceso al contenido por un a\u00f1oDescarga tu Certificado de Participaci\u00f3n15 d\u00edas de Garant\u00eda de Satisfacci\u00f3n<\/p>\n","protected":false},"author":3,"featured_media":0,"parent":0,"menu_order":0,"comment_status":"closed","ping_status":"closed","template":"","meta":{"_et_pb_use_builder":"on","_et_pb_old_content":"","_et_gb_content_width":"","footnotes":""},"class_list":["post-250","page","type-page","status-publish","hentry"],"yoast_head":"<!-- This site is optimized with the Yoast SEO plugin v27.3 - https:\/\/yoast.com\/product\/yoast-seo-wordpress\/ -->\n<title>Oferta de Cursos - Sociedad Chilena de Yoga Integral<\/title>\n<meta name=\"robots\" content=\"index, follow, max-snippet:-1, max-image-preview:large, max-video-preview:-1\" \/>\n<link rel=\"canonical\" href=\"https:\/\/yogaintegralchile.cl\/academia\/\" \/>\n<meta property=\"og:locale\" content=\"es_ES\" \/>\n<meta property=\"og:type\" content=\"article\" \/>\n<meta property=\"og:title\" content=\"Oferta de Cursos - Sociedad Chilena de Yoga Integral\" \/>\n<meta property=\"og:description\" content=\"CursosPagas el curso y accedes de inmediatoTienes acceso al contenido por un a\u00f1oDescarga tu Certificado de Participaci\u00f3n15 d\u00edas de Garant\u00eda de Satisfacci\u00f3n\" \/>\n<meta property=\"og:url\" content=\"https:\/\/yogaintegralchile.cl\/academia\/\" \/>\n<meta property=\"og:site_name\" content=\"Sociedad Chilena de Yoga Integral\" \/>\n<meta property=\"article:modified_time\" content=\"2023-01-17T03:32:09+00:00\" \/>\n<meta name=\"twitter:card\" content=\"summary_large_image\" \/>\n<meta name=\"twitter:label1\" content=\"Tiempo de lectura\" \/>\n\t<meta name=\"twitter:data1\" content=\"6 minutos\" \/>\n<script type=\"application\/ld+json\" class=\"yoast-schema-graph\">{\"@context\":\"https:\\\/\\\/schema.org\",\"@graph\":[{\"@type\":\"WebPage\",\"@id\":\"https:\\\/\\\/yogaintegralchile.cl\\\/academia\\\/\",\"url\":\"https:\\\/\\\/yogaintegralchile.cl\\\/academia\\\/\",\"name\":\"Oferta de Cursos - Sociedad Chilena de Yoga Integral\",\"isPartOf\":{\"@id\":\"https:\\\/\\\/yogaintegralchile.cl\\\/academia\\\/#website\"},\"datePublished\":\"2018-12-09T13:37:27+00:00\",\"dateModified\":\"2023-01-17T03:32:09+00:00\",\"breadcrumb\":{\"@id\":\"https:\\\/\\\/yogaintegralchile.cl\\\/academia\\\/#breadcrumb\"},\"inLanguage\":\"es\",\"potentialAction\":[{\"@type\":\"ReadAction\",\"target\":[\"https:\\\/\\\/yogaintegralchile.cl\\\/academia\\\/\"]}]},{\"@type\":\"BreadcrumbList\",\"@id\":\"https:\\\/\\\/yogaintegralchile.cl\\\/academia\\\/#breadcrumb\",\"itemListElement\":[{\"@type\":\"ListItem\",\"position\":1,\"name\":\"Portada\",\"item\":\"https:\\\/\\\/yogaintegralchile.cl\\\/academia\\\/\"},{\"@type\":\"ListItem\",\"position\":2,\"name\":\"Oferta de Cursos\"}]},{\"@type\":\"WebSite\",\"@id\":\"https:\\\/\\\/yogaintegralchile.cl\\\/academia\\\/#website\",\"url\":\"https:\\\/\\\/yogaintegralchile.cl\\\/academia\\\/\",\"name\":\"Sociedad Chilena de Yoga Integral\",\"description\":\"Cursos y talleres de Yoga\",\"potentialAction\":[{\"@type\":\"SearchAction\",\"target\":{\"@type\":\"EntryPoint\",\"urlTemplate\":\"https:\\\/\\\/yogaintegralchile.cl\\\/academia\\\/?s={search_term_string}\"},\"query-input\":{\"@type\":\"PropertyValueSpecification\",\"valueRequired\":true,\"valueName\":\"search_term_string\"}}],\"inLanguage\":\"es\"}]}<\/script>\n<!-- \/ Yoast SEO plugin. -->","yoast_head_json":{"title":"Oferta de Cursos - Sociedad Chilena de Yoga Integral","robots":{"index":"index","follow":"follow","max-snippet":"max-snippet:-1","max-image-preview":"max-image-preview:large","max-video-preview":"max-video-preview:-1"},"canonical":"https:\/\/yogaintegralchile.cl\/academia\/","og_locale":"es_ES","og_type":"article","og_title":"Oferta de Cursos - Sociedad Chilena de Yoga Integral","og_description":"CursosPagas el curso y accedes de inmediatoTienes acceso al contenido por un a\u00f1oDescarga tu Certificado de Participaci\u00f3n15 d\u00edas de Garant\u00eda de Satisfacci\u00f3n","og_url":"https:\/\/yogaintegralchile.cl\/academia\/","og_site_name":"Sociedad Chilena de Yoga Integral","article_modified_time":"2023-01-17T03:32:09+00:00","twitter_card":"summary_large_image","twitter_misc":{"Tiempo de lectura":"6 minutos"},"schema":{"@context":"https:\/\/schema.org","@graph":[{"@type":"WebPage","@id":"https:\/\/yogaintegralchile.cl\/academia\/","url":"https:\/\/yogaintegralchile.cl\/academia\/","name":"Oferta de Cursos - Sociedad Chilena de Yoga Integral","isPartOf":{"@id":"https:\/\/yogaintegralchile.cl\/academia\/#website"},"datePublished":"2018-12-09T13:37:27+00:00","dateModified":"2023-01-17T03:32:09+00:00","breadcrumb":{"@id":"https:\/\/yogaintegralchile.cl\/academia\/#breadcrumb"},"inLanguage":"es","potentialAction":[{"@type":"ReadAction","target":["https:\/\/yogaintegralchile.cl\/academia\/"]}]},{"@type":"BreadcrumbList","@id":"https:\/\/yogaintegralchile.cl\/academia\/#breadcrumb","itemListElement":[{"@type":"ListItem","position":1,"name":"Portada","item":"https:\/\/yogaintegralchile.cl\/academia\/"},{"@type":"ListItem","position":2,"name":"Oferta de Cursos"}]},{"@type":"WebSite","@id":"https:\/\/yogaintegralchile.cl\/academia\/#website","url":"https:\/\/yogaintegralchile.cl\/academia\/","name":"Sociedad Chilena de Yoga Integral","description":"Cursos y talleres de Yoga","potentialAction":[{"@type":"SearchAction","target":{"@type":"EntryPoint","urlTemplate":"https:\/\/yogaintegralchile.cl\/academia\/?s={search_term_string}"},"query-input":{"@type":"PropertyValueSpecification","valueRequired":true,"valueName":"search_term_string"}}],"inLanguage":"es"}]}},"_links":{"self":[{"href":"https:\/\/yogaintegralchile.cl\/academia\/wp-json\/wp\/v2\/pages\/250","targetHints":{"allow":["GET"]}}],"collection":[{"href":"https:\/\/yogaintegralchile.cl\/academia\/wp-json\/wp\/v2\/pages"}],"about":[{"href":"https:\/\/yogaintegralchile.cl\/academia\/wp-json\/wp\/v2\/types\/page"}],"author":[{"embeddable":true,"href":"https:\/\/yogaintegralchile.cl\/academia\/wp-json\/wp\/v2\/users\/3"}],"replies":[{"embeddable":true,"href":"https:\/\/yogaintegralchile.cl\/academia\/wp-json\/wp\/v2\/comments?post=250"}],"version-history":[{"count":27,"href":"https:\/\/yogaintegralchile.cl\/academia\/wp-json\/wp\/v2\/pages\/250\/revisions"}],"predecessor-version":[{"id":3164,"href":"https:\/\/yogaintegralchile.cl\/academia\/wp-json\/wp\/v2\/pages\/250\/revisions\/3164"}],"wp:attachment":[{"href":"https:\/\/yogaintegralchile.cl\/academia\/wp-json\/wp\/v2\/media?parent=250"}],"curies":[{"name":"wp","href":"https:\/\/api.w.org\/{rel}","templated":true}]}}